{"id":128,"date":"2024-11-05T14:33:42","date_gmt":"2024-11-05T14:33:42","guid":{"rendered":"https:\/\/staging.devoliere.nl\/?page_id=128"},"modified":"2025-09-04T13:26:21","modified_gmt":"2025-09-04T13:26:21","slug":"eten-drinken","status":"publish","type":"page","link":"https:\/\/staging.devoliere.nl\/de\/eten-drinken\/","title":{"rendered":"Essen &amp; Trinken"},"content":{"rendered":"<div data-elementor-type=\"wp-page\" data-elementor-id=\"128\" class=\"elementor elementor-128\" data-elementor-post-type=\"page\">\n\t\t\t\t<div class=\"elementor-element elementor-element-8613e04 elementor-hidden-mobile e-flex e-con-boxed e-con e-parent\" data-id=\"8613e04\" data-element_type=\"container\" data-e-type=\"container\" data-settings=\"{&quot;background_background&quot;:&quot;classic&quot;,&quot;jet_parallax_layout_list&quot;:[]}\">\n\t\t\t\t\t<div class=\"e-con-inner\">\n\t\t\t\t\t<\/div>\n\t\t\t\t<\/div>\n\t\t<div class=\"elementor-element elementor-element-15d7062 e-flex e-con-boxed e-con e-parent\" data-id=\"15d7062\" data-element_type=\"container\" data-e-type=\"container\" data-settings=\"{&quot;background_background&quot;:&quot;classic&quot;,&quot;jet_parallax_layout_list&quot;:[]}\">\n\t\t\t\t\t<div class=\"e-con-inner\">\n\t\t<div class=\"elementor-element elementor-element-78cfdbd e-con-full e-flex e-con e-child\" data-id=\"78cfdbd\" data-element_type=\"container\" data-e-type=\"container\" data-settings=\"{&quot;background_background&quot;:&quot;classic&quot;,&quot;jet_parallax_layout_list&quot;:[]}\">\n\t\t\t\t<div class=\"elementor-element elementor-element-b1c039b elementor-widget elementor-widget-image\" data-id=\"b1c039b\" data-element_type=\"widget\" data-e-type=\"widget\" data-widget_type=\"image.default\">\n\t\t\t\t<div class=\"elementor-widget-container\">\n\t\t\t\t\t\t\t\t\t\t\t\t\t\t\t<img fetchpriority=\"high\" decoding=\"async\" width=\"800\" height=\"979\" src=\"https:\/\/staging.devoliere.nl\/wp-content\/uploads\/LEKKERBEK-lineart-837x1024.png\" class=\"attachment-large size-large wp-image-187\" alt=\"\" srcset=\"https:\/\/staging.devoliere.nl\/wp-content\/uploads\/LEKKERBEK-lineart-837x1024.png 837w, https:\/\/staging.devoliere.nl\/wp-content\/uploads\/LEKKERBEK-lineart-245x300.png 245w, https:\/\/staging.devoliere.nl\/wp-content\/uploads\/LEKKERBEK-lineart-768x939.png 768w, https:\/\/staging.devoliere.nl\/wp-content\/uploads\/LEKKERBEK-lineart.png 883w\" sizes=\"(max-width: 800px) 100vw, 800px\" \/>\t\t\t\t\t\t\t\t\t\t\t\t\t\t\t<\/div>\n\t\t\t\t<\/div>\n\t\t\t\t<\/div>\n\t\t<div class=\"elementor-element elementor-element-9ac1faa e-con-full e-flex e-con e-child\" data-id=\"9ac1faa\" data-element_type=\"container\" data-e-type=\"container\" data-settings=\"{&quot;background_background&quot;:&quot;classic&quot;,&quot;jet_parallax_layout_list&quot;:[]}\">\n\t\t\t\t<div class=\"elementor-element elementor-element-119c7d6 elementor-widget elementor-widget-heading\" data-id=\"119c7d6\" data-element_type=\"widget\" data-e-type=\"widget\" data-widget_type=\"heading.default\">\n\t\t\t\t<div class=\"elementor-widget-container\">\n\t\t\t\t\t<h1 class=\"elementor-heading-title elementor-size-default\">Essen &amp; Trinken<\/h1>\t\t\t\t<\/div>\n\t\t\t\t<\/div>\n\t\t\t\t<div class=\"elementor-element elementor-element-8bc8e94 elementor-widget elementor-widget-text-editor\" data-id=\"8bc8e94\" data-element_type=\"widget\" data-e-type=\"widget\" data-widget_type=\"text-editor.default\">\n\t\t\t\t<div class=\"elementor-widget-container\">\n\t\t\t\t\t\t\t\t\t<p class=\"translation-block\">Der Feinschmecker. Charaktervoll: spritzig und burgundisch. Und l\u00e4sst sich das auch gerne servieren. Kein Lebensk\u00fcnstler, sondern auf der Suche nach dem Besten vom Besten, nach dem Feinsten vom Feinsten. L\u00e4sst sich gerne dort nieder, wo \u00dcberraschung und Geschmack an erster Stelle stehen. Leidenschaft wird gerne in guter Gesellschaft geteilt. Und das\u2026 in einer Umgebung, die niemals langweilig ist.<\/p><p>\u00dcberraschende und einzigartige Geschmackskombinationen. Gerichte, die man teilen oder vielleicht f\u00fcr sich behalten kann. Ein schneller Happen oder eine lange, herzhafte Mahlzeit. K\u00fcche mit internationalen Einfl\u00fcssen, die mit dem j\u00e4hrlichen Vogelzug zu uns gekommen sind. Im die Voli\u00e8re k\u00f6nnen Sie fr\u00fchst\u00fccken, zu Mittag essen, trinken und zu Abend essen. Ein leckerer Kaffee und Kuchen am Morgen oder ein Cocktail und ein Snack am Abend. Kurzum: ein Ort, an dem Sie unbeschwert genie\u00dfen und den Rest dem Erlebnis \u00fcberlassen k\u00f6nnen. Und das nat\u00fcrlich mit einem wahnsinnigen Blick auf den See.<\/p>\t\t\t\t\t\t\t\t<\/div>\n\t\t\t\t<\/div>\n\t\t\t\t<\/div>\n\t\t\t\t\t<\/div>\n\t\t\t\t<\/div>\n\t\t<div class=\"elementor-element elementor-element-8f0fcc8 e-flex e-con-boxed e-con e-child\" data-id=\"8f0fcc8\" data-element_type=\"container\" data-e-type=\"container\" data-settings=\"{&quot;jet_parallax_layout_list&quot;:[],&quot;background_background&quot;:&quot;classic&quot;,&quot;sticky&quot;:&quot;top&quot;,&quot;sticky_on&quot;:[&quot;desktop&quot;,&quot;tablet&quot;,&quot;mobile&quot;],&quot;sticky_offset&quot;:0,&quot;sticky_effects_offset&quot;:0,&quot;sticky_anchor_link_offset&quot;:0}\">\n\t\t\t\t\t<div class=\"e-con-inner\">\n\t\t\t\t<div class=\"elementor-element elementor-element-6b4099c elementor-nav-menu__align-start elementor-widget__width-inherit elementor-nav-menu--dropdown-none elementor-widget elementor-widget-nav-menu\" data-id=\"6b4099c\" data-element_type=\"widget\" data-e-type=\"widget\" data-settings=\"{&quot;submenu_icon&quot;:{&quot;value&quot;:&quot;&lt;i aria-hidden=\\&quot;true\\&quot; class=\\&quot;\\&quot;&gt;&lt;\\\/i&gt;&quot;,&quot;library&quot;:&quot;&quot;},&quot;layout&quot;:&quot;horizontal&quot;}\" data-widget_type=\"nav-menu.default\">\n\t\t\t\t<div class=\"elementor-widget-container\">\n\t\t\t\t\t\t\t\t<nav aria-label=\"Menu\" class=\"elementor-nav-menu--main elementor-nav-menu__container elementor-nav-menu--layout-horizontal e--pointer-none\">\n\t\t\t\t<ul id=\"menu-1-6b4099c\" class=\"elementor-nav-menu\"><li class=\"menu-item menu-item-type-taxonomy menu-item-object-menukaart-categorieen menu-item-3227\"><a href=\"https:\/\/staging.devoliere.nl\/de\/de-kaart\/ontbijt-en-lunch\/\" class=\"elementor-item\">Fr\u00fchst\u00fcck und Mittagessen<\/a><\/li>\n<li class=\"menu-item menu-item-type-taxonomy menu-item-object-menukaart-categorieen menu-item-3225\"><a href=\"https:\/\/staging.devoliere.nl\/de\/de-kaart\/diner-en-nagerecht\/\" class=\"elementor-item\">Abendessen und Nachspeise<\/a><\/li>\n<li class=\"menu-item menu-item-type-taxonomy menu-item-object-menukaart-categorieen menu-item-3223\"><a href=\"https:\/\/staging.devoliere.nl\/de\/de-kaart\/bites\/\" class=\"elementor-item\">Snacks<\/a><\/li>\n<li class=\"menu-item menu-item-type-taxonomy menu-item-object-menukaart-categorieen menu-item-3226\"><a href=\"https:\/\/staging.devoliere.nl\/de\/de-kaart\/dranken\/\" class=\"elementor-item\">Getr\u00e4nke<\/a><\/li>\n<li class=\"menu-item menu-item-type-taxonomy menu-item-object-menukaart-categorieen menu-item-3224\"><a href=\"https:\/\/staging.devoliere.nl\/de\/de-kaart\/cocktails-en-mocktails\/\" class=\"elementor-item\">Cocktails und mocktails<\/a><\/li>\n<\/ul>\t\t\t<\/nav>\n\t\t\t\t\t\t<nav class=\"elementor-nav-menu--dropdown elementor-nav-menu__container\" aria-hidden=\"true\">\n\t\t\t\t<ul id=\"menu-2-6b4099c\" class=\"elementor-nav-menu\"><li class=\"menu-item menu-item-type-taxonomy menu-item-object-menukaart-categorieen menu-item-3227\"><a href=\"https:\/\/staging.devoliere.nl\/de\/de-kaart\/ontbijt-en-lunch\/\" class=\"elementor-item\" tabindex=\"-1\">Fr\u00fchst\u00fcck und Mittagessen<\/a><\/li>\n<li class=\"menu-item menu-item-type-taxonomy menu-item-object-menukaart-categorieen menu-item-3225\"><a href=\"https:\/\/staging.devoliere.nl\/de\/de-kaart\/diner-en-nagerecht\/\" class=\"elementor-item\" tabindex=\"-1\">Abendessen und Nachspeise<\/a><\/li>\n<li class=\"menu-item menu-item-type-taxonomy menu-item-object-menukaart-categorieen menu-item-3223\"><a href=\"https:\/\/staging.devoliere.nl\/de\/de-kaart\/bites\/\" class=\"elementor-item\" tabindex=\"-1\">Snacks<\/a><\/li>\n<li class=\"menu-item menu-item-type-taxonomy menu-item-object-menukaart-categorieen menu-item-3226\"><a href=\"https:\/\/staging.devoliere.nl\/de\/de-kaart\/dranken\/\" class=\"elementor-item\" tabindex=\"-1\">Getr\u00e4nke<\/a><\/li>\n<li class=\"menu-item menu-item-type-taxonomy menu-item-object-menukaart-categorieen menu-item-3224\"><a href=\"https:\/\/staging.devoliere.nl\/de\/de-kaart\/cocktails-en-mocktails\/\" class=\"elementor-item\" tabindex=\"-1\">Cocktails und mocktails<\/a><\/li>\n<\/ul>\t\t\t<\/nav>\n\t\t\t\t\t\t<\/div>\n\t\t\t\t<\/div>\n\t\t\t\t\t<\/div>\n\t\t\t\t<\/div>\n\t\t<div class=\"elementor-element elementor-element-0f7fcdd e-con-full e-flex e-con e-parent\" data-id=\"0f7fcdd\" data-element_type=\"container\" data-e-type=\"container\" data-settings=\"{&quot;jet_parallax_layout_list&quot;:[]}\">\n\t\t<div class=\"elementor-element elementor-element-b91866e e-con-full e-flex e-con e-child\" data-id=\"b91866e\" data-element_type=\"container\" data-e-type=\"container\" data-settings=\"{&quot;jet_parallax_layout_list&quot;:[]}\">\n\t\t\t\t<div class=\"elementor-element elementor-element-271a4d2 elementor--h-position-right elementor--v-position-bottom elementor-arrows-position-inside elementor-pagination-position-inside elementor-widget elementor-widget-slides\" data-id=\"271a4d2\" data-element_type=\"widget\" data-e-type=\"widget\" data-settings=\"{&quot;navigation&quot;:&quot;both&quot;,&quot;autoplay&quot;:&quot;yes&quot;,&quot;pause_on_hover&quot;:&quot;yes&quot;,&quot;pause_on_interaction&quot;:&quot;yes&quot;,&quot;autoplay_speed&quot;:5000,&quot;infinite&quot;:&quot;yes&quot;,&quot;transition&quot;:&quot;slide&quot;,&quot;transition_speed&quot;:500}\" data-widget_type=\"slides.default\">\n\t\t\t\t<div class=\"elementor-widget-container\">\n\t\t\t\t\t\t\t\t\t<div class=\"elementor-swiper\">\n\t\t\t\t\t<div class=\"elementor-slides-wrapper elementor-main-swiper swiper\" role=\"region\" aria-roledescription=\"carousel\" aria-label=\"Slides\" dir=\"ltr\" data-animation=\"fadeInRight\">\n\t\t\t\t<div class=\"swiper-wrapper elementor-slides\">\n\t\t\t\t\t\t\t\t\t\t<div class=\"elementor-repeater-item-901254e swiper-slide\" role=\"group\" aria-roledescription=\"slide\"><div class=\"swiper-slide-bg\" role=\"img\" aria-label=\"MG_2286.jpg\"><\/div><div class=\"swiper-slide-inner\" ><div class=\"swiper-slide-contents\"><div class=\"elementor-slide-heading\">Originelle Gerichte mit Liebe zubereitet<\/div><\/div><\/div><\/div><div class=\"elementor-repeater-item-f20ad2e swiper-slide\" role=\"group\" aria-roledescription=\"slide\"><div class=\"swiper-slide-bg\" role=\"img\" aria-label=\"CocktailFotoWebsite.jpg\"><\/div><div class=\"swiper-slide-inner\" ><div class=\"swiper-slide-contents\"><div class=\"elementor-slide-heading\">Leckere Cocktails zum Ansto\u00dfen<\/div><\/div><\/div><\/div><div class=\"elementor-repeater-item-0293af4 swiper-slide\" role=\"group\" aria-roledescription=\"slide\"><div class=\"swiper-slide-bg\" role=\"img\" aria-label=\"DessertWebsite.jpg\"><\/div><div class=\"swiper-slide-inner\" ><div class=\"swiper-slide-contents\"><div class=\"elementor-slide-heading\">Aromen, die \u00fcberraschen<\/div><\/div><\/div><\/div><div class=\"elementor-repeater-item-785b1bf swiper-slide\" role=\"group\" aria-roledescription=\"slide\"><div class=\"swiper-slide-bg\" role=\"img\" aria-label=\"KoffieWebsite.jpg\"><\/div><div class=\"swiper-slide-inner\" ><div class=\"swiper-slide-contents\"><div class=\"elementor-slide-heading\">Der leckerste Kaffee und S\u00fc\u00dfigkeiten<\/div><\/div><\/div><\/div>\t\t\t\t<\/div>\n\t\t\t\t\t\t\t\t\t\t\t\t\t\t\t<div class=\"elementor-swiper-button elementor-swiper-button-prev\" role=\"button\" tabindex=\"0\" aria-label=\"Vorige slide\">\n\t\t\t\t\t\t\t<svg aria-hidden=\"true\" class=\"e-font-icon-svg e-eicon-chevron-left\" viewbox=\"0 0 1000 1000\" xmlns=\"http:\/\/www.w3.org\/2000\/svg\"><path d=\"M646 125C629 125 613 133 604 142L308 442C296 454 292 471 292 487 292 504 296 521 308 533L604 854C617 867 629 875 646 875 663 875 679 871 692 858 704 846 713 829 713 812 713 796 708 779 692 767L438 487 692 225C700 217 708 204 708 187 708 171 704 154 692 142 675 129 663 125 646 125Z\"><\/path><\/svg>\t\t\t\t\t\t<\/div>\n\t\t\t\t\t\t<div class=\"elementor-swiper-button elementor-swiper-button-next\" role=\"button\" tabindex=\"0\" aria-label=\"Volgende slide\">\n\t\t\t\t\t\t\t<svg aria-hidden=\"true\" class=\"e-font-icon-svg e-eicon-chevron-right\" viewbox=\"0 0 1000 1000\" xmlns=\"http:\/\/www.w3.org\/2000\/svg\"><path d=\"M696 533C708 521 713 504 713 487 713 471 708 454 696 446L400 146C388 133 375 125 354 125 338 125 325 129 313 142 300 154 292 171 292 187 292 204 296 221 308 233L563 492 304 771C292 783 288 800 288 817 288 833 296 850 308 863 321 871 338 875 354 875 371 875 388 867 400 854L696 533Z\"><\/path><\/svg>\t\t\t\t\t\t<\/div>\n\t\t\t\t\t\t\t\t\t\t\t\t\t\t\t\t<div class=\"swiper-pagination\"><\/div>\n\t\t\t\t\t\t\t\t\t\t\t\t<\/div>\n\t\t\t\t<\/div>\n\t\t\t\t\t\t\t\t<\/div>\n\t\t\t\t<\/div>\n\t\t\t\t<\/div>\n\t\t\t\t<\/div>\n\t\t\t\t<\/div>","protected":false},"excerpt":{"rendered":"<p>Eten &amp; drinken De lekkerbek. Vol van karakter: bruisend en bourgondisch. En krijgt dat ook graag geserveerd. Geen liflaf maar speurend naar het lekkerste van het lekkerste; naar het fijnste van het fijnste. Strijkt graag neer waar verrassing en smaak voorop staat. De passie wordt graag gedeeld in het bijzijn van goed gezelschap. En d\u00e1t\u2026 [&hellip;]<\/p>","protected":false},"author":1,"featured_media":0,"parent":0,"menu_order":0,"comment_status":"closed","ping_status":"closed","template":"","meta":{"_acf_changed":false,"footnotes":""},"class_list":["post-128","page","type-page","status-publish","hentry"],"acf":[],"_links":{"self":[{"href":"https:\/\/staging.devoliere.nl\/de\/wp-json\/wp\/v2\/pages\/128","targetHints":{"allow":["GET"]}}],"collection":[{"href":"https:\/\/staging.devoliere.nl\/de\/wp-json\/wp\/v2\/pages"}],"about":[{"href":"https:\/\/staging.devoliere.nl\/de\/wp-json\/wp\/v2\/types\/page"}],"author":[{"embeddable":true,"href":"https:\/\/staging.devoliere.nl\/de\/wp-json\/wp\/v2\/users\/1"}],"replies":[{"embeddable":true,"href":"https:\/\/staging.devoliere.nl\/de\/wp-json\/wp\/v2\/comments?post=128"}],"version-history":[{"count":30,"href":"https:\/\/staging.devoliere.nl\/de\/wp-json\/wp\/v2\/pages\/128\/revisions"}],"predecessor-version":[{"id":3981,"href":"https:\/\/staging.devoliere.nl\/de\/wp-json\/wp\/v2\/pages\/128\/revisions\/3981"}],"wp:attachment":[{"href":"https:\/\/staging.devoliere.nl\/de\/wp-json\/wp\/v2\/media?parent=128"}],"curies":[{"name":"wp","href":"https:\/\/api.w.org\/{rel}","templated":true}]}}