{"id":52,"date":"2024-11-05T10:21:37","date_gmt":"2024-11-05T10:21:37","guid":{"rendered":"https:\/\/staging.devoliere.nl\/?page_id=52"},"modified":"2025-08-13T14:52:19","modified_gmt":"2025-08-13T14:52:19","slug":"agenda","status":"publish","type":"page","link":"https:\/\/staging.devoliere.nl\/de\/agenda\/","title":{"rendered":"Agenda"},"content":{"rendered":"<div data-elementor-type=\"wp-page\" data-elementor-id=\"52\" class=\"elementor elementor-52\" data-elementor-post-type=\"page\">\n\t\t\t\t<div class=\"elementor-element elementor-element-1684a51 elementor-hidden-mobile e-flex e-con-boxed e-con e-parent\" data-id=\"1684a51\" data-element_type=\"container\" data-e-type=\"container\" data-settings=\"{&quot;background_background&quot;:&quot;classic&quot;,&quot;jet_parallax_layout_list&quot;:[]}\">\n\t\t\t\t\t<div class=\"e-con-inner\">\n\t\t\t\t\t<\/div>\n\t\t\t\t<\/div>\n\t\t<div class=\"elementor-element elementor-element-1e4c5d2 e-con-full e-flex e-con e-parent\" data-id=\"1e4c5d2\" data-element_type=\"container\" data-e-type=\"container\" data-settings=\"{&quot;background_background&quot;:&quot;classic&quot;,&quot;jet_parallax_layout_list&quot;:[]}\">\n\t\t\t\t<div class=\"elementor-element elementor-element-5a4963c elementor-widget__width-inherit elementor-widget elementor-widget-jet-listing-grid\" data-id=\"5a4963c\" data-element_type=\"widget\" data-e-type=\"widget\" data-settings=\"{&quot;columns&quot;:3,&quot;columns_mobile&quot;:&quot;1&quot;}\" data-widget_type=\"jet-listing-grid.default\">\n\t\t\t\t<div class=\"elementor-widget-container\">\n\t\t\t\t\t<div class=\"jet-listing-grid jet-listing\"><div class=\"jet-listing-grid__items grid-col-desk-3 grid-col-tablet-3 grid-col-mobile-1 jet-listing-grid--1118 jet-equal-columns__wrapper\" data-queried-id=\"52|WP_Post\" data-nav=\"{&quot;enabled&quot;:false,&quot;type&quot;:null,&quot;more_el&quot;:null,&quot;query&quot;:[],&quot;widget_settings&quot;:{&quot;lisitng_id&quot;:1118,&quot;posts_num&quot;:20,&quot;columns&quot;:3,&quot;columns_tablet&quot;:3,&quot;columns_mobile&quot;:1,&quot;column_min_width&quot;:240,&quot;column_min_width_tablet&quot;:240,&quot;column_min_width_mobile&quot;:240,&quot;inline_columns_css&quot;:false,&quot;is_archive_template&quot;:&quot;&quot;,&quot;post_status&quot;:[&quot;publish&quot;],&quot;use_random_posts_num&quot;:&quot;&quot;,&quot;max_posts_num&quot;:9,&quot;not_found_message&quot;:&quot;No data was found&quot;,&quot;is_masonry&quot;:false,&quot;equal_columns_height&quot;:&quot;yes&quot;,&quot;use_load_more&quot;:&quot;&quot;,&quot;load_more_id&quot;:&quot;&quot;,&quot;load_more_type&quot;:&quot;click&quot;,&quot;load_more_offset&quot;:{&quot;unit&quot;:&quot;px&quot;,&quot;size&quot;:0,&quot;sizes&quot;:[]},&quot;use_custom_post_types&quot;:&quot;&quot;,&quot;custom_post_types&quot;:[],&quot;hide_widget_if&quot;:&quot;&quot;,&quot;carousel_enabled&quot;:&quot;&quot;,&quot;slides_to_scroll&quot;:&quot;1&quot;,&quot;arrows&quot;:&quot;true&quot;,&quot;arrow_icon&quot;:&quot;fa fa-angle-left&quot;,&quot;dots&quot;:&quot;&quot;,&quot;autoplay&quot;:&quot;true&quot;,&quot;pause_on_hover&quot;:&quot;true&quot;,&quot;autoplay_speed&quot;:5000,&quot;infinite&quot;:&quot;true&quot;,&quot;center_mode&quot;:&quot;&quot;,&quot;effect&quot;:&quot;slide&quot;,&quot;speed&quot;:500,&quot;inject_alternative_items&quot;:&quot;&quot;,&quot;injection_items&quot;:[],&quot;scroll_slider_enabled&quot;:&quot;&quot;,&quot;scroll_slider_on&quot;:[&quot;desktop&quot;,&quot;tablet&quot;,&quot;mobile&quot;],&quot;custom_query&quot;:false,&quot;custom_query_id&quot;:&quot;&quot;,&quot;_element_id&quot;:&quot;&quot;,&quot;collapse_first_last_gap&quot;:false,&quot;list_tag_selection&quot;:&quot;&quot;,&quot;list_items_wrapper_tag&quot;:&quot;div&quot;,&quot;list_item_tag&quot;:&quot;div&quot;,&quot;empty_items_wrapper_tag&quot;:&quot;div&quot;}}\" data-page=\"1\" data-pages=\"1\" data-listing-source=\"posts\" data-listing-id=\"1118\" data-query-id=\"\"><div class=\"jet-listing-grid__item jet-listing-dynamic-post-3870 jet-equal-columns\" data-post-id=\"3870\"  >\t\t<div data-elementor-type=\"jet-listing-items\" data-elementor-id=\"1118\" class=\"elementor elementor-1118\" data-elementor-post-type=\"jet-engine\">\n\t\t\t\t<div class=\"elementor-element elementor-element-3dbfcda e-flex e-con-boxed e-con e-parent\" data-id=\"3dbfcda\" data-element_type=\"container\" data-e-type=\"container\" data-settings=\"{&quot;jet_parallax_layout_list&quot;:[]}\">\n\t\t\t\t\t<div class=\"e-con-inner\">\n\t\t\t\t<div class=\"elementor-element elementor-element-ee3166f elementor-widget elementor-widget-heading\" data-id=\"ee3166f\" data-element_type=\"widget\" data-e-type=\"widget\" data-widget_type=\"heading.default\">\n\t\t\t\t<div class=\"elementor-widget-container\">\n\t\t\t\t\t<h2 class=\"elementor-heading-title elementor-size-default\">Fr 20. Februar | Fr 27. Februar 2026<\/h2>\t\t\t\t<\/div>\n\t\t\t\t<\/div>\n\t\t\t\t<div class=\"elementor-element elementor-element-82e5364 elementor-widget elementor-widget-heading\" data-id=\"82e5364\" data-element_type=\"widget\" data-e-type=\"widget\" data-widget_type=\"heading.default\">\n\t\t\t\t<div class=\"elementor-widget-container\">\n\t\t\t\t\t<h2 class=\"elementor-heading-title elementor-size-default\">Sechsg\u00e4ngiges vegetarisches Dinner<\/h2>\t\t\t\t<\/div>\n\t\t\t\t<\/div>\n\t\t\t\t<div class=\"elementor-element elementor-element-ee89cb2 elementor-widget elementor-widget-text-editor\" data-id=\"ee89cb2\" data-element_type=\"widget\" data-e-type=\"widget\" data-widget_type=\"text-editor.default\">\n\t\t\t\t<div class=\"elementor-widget-container\">\n\t\t\t\t\t\t\t\t\tAn diesem Abend servieren wir ein sechsg\u00e4ngiges \u2013 komplett vegetarisches \u2013 Dinner, bei dem Gem\u00fcse die Hauptrolle spielt! W\u00e4hlen Sie eine passende Weinbegleitung und genie\u00dfen Sie einen besonderen Abend.\nFeste Startzeit: 18:00 Uhr.\n\nPreis: 47,50 \u20ac p.P. (\u00c4nderungen vorbehalten).\t\t\t\t\t\t\t\t<\/div>\n\t\t\t\t<\/div>\n\t\t\t\t\t<\/div>\n\t\t\t\t<\/div>\n\t\t\t\t<\/div>\n\t\t<\/div><div class=\"jet-listing-grid__item jet-listing-dynamic-post-3869 jet-equal-columns\" data-post-id=\"3869\"  >\t\t<div data-elementor-type=\"jet-listing-items\" data-elementor-id=\"1118\" class=\"elementor elementor-1118\" data-elementor-post-type=\"jet-engine\">\n\t\t\t\t<div class=\"elementor-element elementor-element-3dbfcda e-flex e-con-boxed e-con e-parent\" data-id=\"3dbfcda\" data-element_type=\"container\" data-e-type=\"container\" data-settings=\"{&quot;jet_parallax_layout_list&quot;:[]}\">\n\t\t\t\t\t<div class=\"e-con-inner\">\n\t\t\t\t<div class=\"elementor-element elementor-element-ee3166f elementor-widget elementor-widget-heading\" data-id=\"ee3166f\" data-element_type=\"widget\" data-e-type=\"widget\" data-widget_type=\"heading.default\">\n\t\t\t\t<div class=\"elementor-widget-container\">\n\t\t\t\t\t<h2 class=\"elementor-heading-title elementor-size-default\">Do 25. Dezember <\/h2>\t\t\t\t<\/div>\n\t\t\t\t<\/div>\n\t\t\t\t<div class=\"elementor-element elementor-element-82e5364 elementor-widget elementor-widget-heading\" data-id=\"82e5364\" data-element_type=\"widget\" data-e-type=\"widget\" data-widget_type=\"heading.default\">\n\t\t\t\t<div class=\"elementor-widget-container\">\n\t\t\t\t\t<h2 class=\"elementor-heading-title elementor-size-default\">Weihnachtsdinner<\/h2>\t\t\t\t<\/div>\n\t\t\t\t<\/div>\n\t\t\t\t<div class=\"elementor-element elementor-element-ee89cb2 elementor-widget elementor-widget-text-editor\" data-id=\"ee89cb2\" data-element_type=\"widget\" data-e-type=\"widget\" data-widget_type=\"text-editor.default\">\n\t\t\t\t<div class=\"elementor-widget-container\">\n\t\t\t\t\t\t\t\t\tAm ersten Weihnachtstag genie\u00dfen Sie ein festliches f\u00fcnfg\u00e4ngiges Weihnachtsdinner, mit Liebe zubereitet! Optional k\u00f6nnen Sie eine passende Weinbegleitung dazu w\u00e4hlen.\nFeste Startzeit: 18:00 Uhr. Men\u00fc folgt.\n\nPreis: 59 \u20ac p.P. (\u00c4nderungen vorbehalten).\t\t\t\t\t\t\t\t<\/div>\n\t\t\t\t<\/div>\n\t\t\t\t\t<\/div>\n\t\t\t\t<\/div>\n\t\t\t\t<\/div>\n\t\t<\/div><div class=\"jet-listing-grid__item jet-listing-dynamic-post-3868 jet-equal-columns\" data-post-id=\"3868\"  >\t\t<div data-elementor-type=\"jet-listing-items\" data-elementor-id=\"1118\" class=\"elementor elementor-1118\" data-elementor-post-type=\"jet-engine\">\n\t\t\t\t<div class=\"elementor-element elementor-element-3dbfcda e-flex e-con-boxed e-con e-parent\" data-id=\"3dbfcda\" data-element_type=\"container\" data-e-type=\"container\" data-settings=\"{&quot;jet_parallax_layout_list&quot;:[]}\">\n\t\t\t\t\t<div class=\"e-con-inner\">\n\t\t\t\t<div class=\"elementor-element elementor-element-ee3166f elementor-widget elementor-widget-heading\" data-id=\"ee3166f\" data-element_type=\"widget\" data-e-type=\"widget\" data-widget_type=\"heading.default\">\n\t\t\t\t<div class=\"elementor-widget-container\">\n\t\t\t\t\t<h2 class=\"elementor-heading-title elementor-size-default\">Do 25. und Fr 26. Dezember<\/h2>\t\t\t\t<\/div>\n\t\t\t\t<\/div>\n\t\t\t\t<div class=\"elementor-element elementor-element-82e5364 elementor-widget elementor-widget-heading\" data-id=\"82e5364\" data-element_type=\"widget\" data-e-type=\"widget\" data-widget_type=\"heading.default\">\n\t\t\t\t<div class=\"elementor-widget-container\">\n\t\t\t\t\t<h2 class=\"elementor-heading-title elementor-size-default\">Weihnachtsfr\u00fchst\u00fcck<\/h2>\t\t\t\t<\/div>\n\t\t\t\t<\/div>\n\t\t\t\t<div class=\"elementor-element elementor-element-ee89cb2 elementor-widget elementor-widget-text-editor\" data-id=\"ee89cb2\" data-element_type=\"widget\" data-e-type=\"widget\" data-widget_type=\"text-editor.default\">\n\t\t\t\t<div class=\"elementor-widget-container\">\n\t\t\t\t\t\t\t\t\tGenie\u00dfen Sie ein reichhaltiges Weihnachtsfr\u00fchst\u00fcck mit verschiedenen Brotsorten, Christstollen, Brioche mit pochiertem Ei und B\u00e9rnaise-Sauce, Schinken, K\u00e4se, Marmelade, Joghurt, Knusperm\u00fcsli und frischem Obst. Im Preis enthalten sind ein Glas Cava (oder 0,0 %), ein frischer Saft und ein Hei\u00dfgetr\u00e4nk nach Wahl. Fr\u00fchst\u00fcck ist bis 11:00 Uhr bestellbar.\n\nPreis: 19,50 \u20ac p.P. \t\t\t\t\t\t\t\t<\/div>\n\t\t\t\t<\/div>\n\t\t\t\t\t<\/div>\n\t\t\t\t<\/div>\n\t\t\t\t<\/div>\n\t\t<\/div><div class=\"jet-listing-grid__item jet-listing-dynamic-post-3867 jet-equal-columns\" data-post-id=\"3867\"  >\t\t<div data-elementor-type=\"jet-listing-items\" data-elementor-id=\"1118\" class=\"elementor elementor-1118\" data-elementor-post-type=\"jet-engine\">\n\t\t\t\t<div class=\"elementor-element elementor-element-3dbfcda e-flex e-con-boxed e-con e-parent\" data-id=\"3dbfcda\" data-element_type=\"container\" data-e-type=\"container\" data-settings=\"{&quot;jet_parallax_layout_list&quot;:[]}\">\n\t\t\t\t\t<div class=\"e-con-inner\">\n\t\t\t\t<div class=\"elementor-element elementor-element-ee3166f elementor-widget elementor-widget-heading\" data-id=\"ee3166f\" data-element_type=\"widget\" data-e-type=\"widget\" data-widget_type=\"heading.default\">\n\t\t\t\t<div class=\"elementor-widget-container\">\n\t\t\t\t\t<h2 class=\"elementor-heading-title elementor-size-default\">Do 4. September | Do 2. &amp; 9. Oktober<\/h2>\t\t\t\t<\/div>\n\t\t\t\t<\/div>\n\t\t\t\t<div class=\"elementor-element elementor-element-82e5364 elementor-widget elementor-widget-heading\" data-id=\"82e5364\" data-element_type=\"widget\" data-e-type=\"widget\" data-widget_type=\"heading.default\">\n\t\t\t\t<div class=\"elementor-widget-container\">\n\t\t\t\t\t<h2 class=\"elementor-heading-title elementor-size-default\">IZAKAYA<\/h2>\t\t\t\t<\/div>\n\t\t\t\t<\/div>\n\t\t\t\t<div class=\"elementor-element elementor-element-ee89cb2 elementor-widget elementor-widget-text-editor\" data-id=\"ee89cb2\" data-element_type=\"widget\" data-e-type=\"widget\" data-widget_type=\"text-editor.default\">\n\t\t\t\t<div class=\"elementor-widget-container\">\n\t\t\t\t\t\t\t\t\tEin Abend voller asiatischem Shared Dining inklusive Begr\u00fc\u00dfungsgetr\u00e4nk und DJ. Fester Beginn um 18:30 Uhr.\nPreis pro Person: 42,50 \u20ac. \t\t\t\t\t\t\t\t<\/div>\n\t\t\t\t<\/div>\n\t\t\t\t\t<\/div>\n\t\t\t\t<\/div>\n\t\t\t\t<\/div>\n\t\t<\/div><div class=\"jet-listing-grid__item jet-listing-dynamic-post-3866 jet-equal-columns\" data-post-id=\"3866\"  >\t\t<div data-elementor-type=\"jet-listing-items\" data-elementor-id=\"1118\" class=\"elementor elementor-1118\" data-elementor-post-type=\"jet-engine\">\n\t\t\t\t<div class=\"elementor-element elementor-element-3dbfcda e-flex e-con-boxed e-con e-parent\" data-id=\"3dbfcda\" data-element_type=\"container\" data-e-type=\"container\" data-settings=\"{&quot;jet_parallax_layout_list&quot;:[]}\">\n\t\t\t\t\t<div class=\"e-con-inner\">\n\t\t\t\t<div class=\"elementor-element elementor-element-ee3166f elementor-widget elementor-widget-heading\" data-id=\"ee3166f\" data-element_type=\"widget\" data-e-type=\"widget\" data-widget_type=\"heading.default\">\n\t\t\t\t<div class=\"elementor-widget-container\">\n\t\t\t\t\t<h2 class=\"elementor-heading-title elementor-size-default\">Fr 24. Oktober | Fr 14. &amp; 28. November | Fr 12. Dezember 2025<\/h2>\t\t\t\t<\/div>\n\t\t\t\t<\/div>\n\t\t\t\t<div class=\"elementor-element elementor-element-82e5364 elementor-widget elementor-widget-heading\" data-id=\"82e5364\" data-element_type=\"widget\" data-e-type=\"widget\" data-widget_type=\"heading.default\">\n\t\t\t\t<div class=\"elementor-widget-container\">\n\t\t\t\t\t<h2 class=\"elementor-heading-title elementor-size-default\">Wild &amp; Wald<\/h2>\t\t\t\t<\/div>\n\t\t\t\t<\/div>\n\t\t\t\t<div class=\"elementor-element elementor-element-ee89cb2 elementor-widget elementor-widget-text-editor\" data-id=\"ee89cb2\" data-element_type=\"widget\" data-e-type=\"widget\" data-widget_type=\"text-editor.default\">\n\t\t\t\t<div class=\"elementor-widget-container\">\n\t\t\t\t\t\t\t\t\tEin kulinarisches Abenteuer voller Aromen aus der Bollenstreek. Wir kochen mit dem, was gerade w\u00e4chst und gedeiht: Wildkr\u00e4uter, Pilze, Fisch aus S\u00fc\u00df- und Salzwasser sowie Wild aus den D\u00fcnen von Noordwijkerhout. Mit traditionellen Techniken wie Einkochen, Fermentieren und Trocknen und in Zusammenarbeit mit J\u00e4gern, Bauern und Sammlern bringen wir die Saison auf den Teller. Lassen Sie sich von reinen Kombinationen und lokalem Wild in seiner ganzen Vielfalt \u00fcberraschen.\nFester Beginn um 18:00 Uhr.\t\t\t\t\t\t\t\t<\/div>\n\t\t\t\t<\/div>\n\t\t\t\t\t<\/div>\n\t\t\t\t<\/div>\n\t\t\t\t<\/div>\n\t\t<\/div><div class=\"jet-listing-grid__item jet-listing-dynamic-post-3865 jet-equal-columns\" data-post-id=\"3865\"  >\t\t<div data-elementor-type=\"jet-listing-items\" data-elementor-id=\"1118\" class=\"elementor elementor-1118\" data-elementor-post-type=\"jet-engine\">\n\t\t\t\t<div class=\"elementor-element elementor-element-3dbfcda e-flex e-con-boxed e-con e-parent\" data-id=\"3dbfcda\" data-element_type=\"container\" data-e-type=\"container\" data-settings=\"{&quot;jet_parallax_layout_list&quot;:[]}\">\n\t\t\t\t\t<div class=\"e-con-inner\">\n\t\t\t\t<div class=\"elementor-element elementor-element-ee3166f elementor-widget elementor-widget-heading\" data-id=\"ee3166f\" data-element_type=\"widget\" data-e-type=\"widget\" data-widget_type=\"heading.default\">\n\t\t\t\t<div class=\"elementor-widget-container\">\n\t\t\t\t\t<h2 class=\"elementor-heading-title elementor-size-default\">Fr 16. Januar | Fr 6. Februar | Fr 6. M\u00e4rz 2026<\/h2>\t\t\t\t<\/div>\n\t\t\t\t<\/div>\n\t\t\t\t<div class=\"elementor-element elementor-element-82e5364 elementor-widget elementor-widget-heading\" data-id=\"82e5364\" data-element_type=\"widget\" data-e-type=\"widget\" data-widget_type=\"heading.default\">\n\t\t\t\t<div class=\"elementor-widget-container\">\n\t\t\t\t\t<h2 class=\"elementor-heading-title elementor-size-default\">Burgundischer Familientisch #Winteredition<\/h2>\t\t\t\t<\/div>\n\t\t\t\t<\/div>\n\t\t\t\t<div class=\"elementor-element elementor-element-ee89cb2 elementor-widget elementor-widget-text-editor\" data-id=\"ee89cb2\" data-element_type=\"widget\" data-e-type=\"widget\" data-widget_type=\"text-editor.default\">\n\t\t\t\t<div class=\"elementor-widget-container\">\n\t\t\t\t\t\t\t\t\tErleben Sie die gem\u00fctliche Atmosph\u00e4re des MAMA italienischen Familientisches neu \u2013 diesmal mit winterlichem Touch! Genie\u00dfen Sie einen Abend, der Sie vergessen l\u00e4sst, dass es drau\u00dfen kalt ist. In unserem Winternest nehmen Sie gemeinsam Platz und teilen k\u00f6stliche Wintergerichte, die Ihr Herz erw\u00e4rmen und Ihre Sinne anregen. Jedes Gericht ist eine Hommage an den Winter und schenkt Geborgenheit in der kalten Jahreszeit. Willkommen in unserem Winternest, wo Gastfreundschaft und winterliche Gem\u00fctlichkeit zusammenkommen.\t\t\t\t\t\t\t\t<\/div>\n\t\t\t\t<\/div>\n\t\t\t\t\t<\/div>\n\t\t\t\t<\/div>\n\t\t\t\t<\/div>\n\t\t<\/div><div class=\"jet-listing-grid__item jet-listing-dynamic-post-3864 jet-equal-columns\" data-post-id=\"3864\"  >\t\t<div data-elementor-type=\"jet-listing-items\" data-elementor-id=\"1118\" class=\"elementor elementor-1118\" data-elementor-post-type=\"jet-engine\">\n\t\t\t\t<div class=\"elementor-element elementor-element-3dbfcda e-flex e-con-boxed e-con e-parent\" data-id=\"3dbfcda\" data-element_type=\"container\" data-e-type=\"container\" data-settings=\"{&quot;jet_parallax_layout_list&quot;:[]}\">\n\t\t\t\t\t<div class=\"e-con-inner\">\n\t\t\t\t<div class=\"elementor-element elementor-element-ee3166f elementor-widget elementor-widget-heading\" data-id=\"ee3166f\" data-element_type=\"widget\" data-e-type=\"widget\" data-widget_type=\"heading.default\">\n\t\t\t\t<div class=\"elementor-widget-container\">\n\t\t\t\t\t<h2 class=\"elementor-heading-title elementor-size-default\">jeden Dienstag ab dem 21. Oktober<\/h2>\t\t\t\t<\/div>\n\t\t\t\t<\/div>\n\t\t\t\t<div class=\"elementor-element elementor-element-82e5364 elementor-widget elementor-widget-heading\" data-id=\"82e5364\" data-element_type=\"widget\" data-e-type=\"widget\" data-widget_type=\"heading.default\">\n\t\t\t\t<div class=\"elementor-widget-container\">\n\t\t\t\t\t<h2 class=\"elementor-heading-title elementor-size-default\">Eintopf &amp; Pommes<\/h2>\t\t\t\t<\/div>\n\t\t\t\t<\/div>\n\t\t\t\t<div class=\"elementor-element elementor-element-ee89cb2 elementor-widget elementor-widget-text-editor\" data-id=\"ee89cb2\" data-element_type=\"widget\" data-e-type=\"widget\" data-widget_type=\"text-editor.default\">\n\t\t\t\t<div class=\"elementor-widget-container\">\n\t\t\t\t\t\t\t\t\tDiesen Winter sind die Dienstagabende die perfekten Momente, um ungezwungen Platz zu nehmen. Wir servieren Eintopf &amp; Pommes so, wie Comfort Food gedacht ist: geschmortes Fleisch (wahlweise Wild, Rind oder vegetarischer Eintopf) mit Pommes, erg\u00e4nzt durch hausgemachte winterliche Beilagen und Garnituren. Alles im Shared-Dining-Stil, damit Sie gemeinsam einen Tisch voller Gem\u00fctlichkeit und Geschmack genie\u00dfen k\u00f6nnen. Machen Sie den Dienstag zu Ihrem warmen Winternest!\t\t\t\t\t\t\t\t<\/div>\n\t\t\t\t<\/div>\n\t\t\t\t\t<\/div>\n\t\t\t\t<\/div>\n\t\t\t\t<\/div>\n\t\t<\/div><\/div><\/div>\t\t\t\t<\/div>\n\t\t\t\t<\/div>\n\t\t\t\t<\/div>\n\t\t<div class=\"elementor-element elementor-element-ceb395a e-con-full e-flex e-con e-parent\" data-id=\"ceb395a\" data-element_type=\"container\" data-e-type=\"container\" data-settings=\"{&quot;jet_parallax_layout_list&quot;:[]}\">\n\t\t<div class=\"elementor-element elementor-element-5d5b65d e-con-full e-flex e-con e-child\" data-id=\"5d5b65d\" data-element_type=\"container\" data-e-type=\"container\" data-settings=\"{&quot;jet_parallax_layout_list&quot;:[]}\">\n\t\t\t\t<div class=\"elementor-element elementor-element-91ed980 elementor--h-position-right elementor--v-position-bottom elementor-arrows-position-inside elementor-pagination-position-inside elementor-widget elementor-widget-slides\" data-id=\"91ed980\" data-element_type=\"widget\" data-e-type=\"widget\" data-settings=\"{&quot;navigation&quot;:&quot;both&quot;,&quot;autoplay&quot;:&quot;yes&quot;,&quot;pause_on_hover&quot;:&quot;yes&quot;,&quot;pause_on_interaction&quot;:&quot;yes&quot;,&quot;autoplay_speed&quot;:5000,&quot;infinite&quot;:&quot;yes&quot;,&quot;transition&quot;:&quot;slide&quot;,&quot;transition_speed&quot;:500}\" data-widget_type=\"slides.default\">\n\t\t\t\t<div class=\"elementor-widget-container\">\n\t\t\t\t\t\t\t\t\t<div class=\"elementor-swiper\">\n\t\t\t\t\t<div class=\"elementor-slides-wrapper elementor-main-swiper swiper\" role=\"region\" aria-roledescription=\"carousel\" aria-label=\"Slides\" dir=\"ltr\" data-animation=\"fadeInRight\">\n\t\t\t\t<div class=\"swiper-wrapper elementor-slides\">\n\t\t\t\t\t\t\t\t\t\t<div class=\"elementor-repeater-item-d1434b7 swiper-slide\" role=\"group\" aria-roledescription=\"slide\"><div class=\"swiper-slide-bg\" role=\"img\" aria-label=\"mariola-grobelska-VEe4jVkbXBw-unsplash.jpg\"><\/div><div class=\"swiper-slide-inner\" ><div class=\"swiper-slide-contents\"><div class=\"elementor-slide-heading\">F\u00fcr alle freien V\u00f6gel<\/div><div class=\"elementor-slide-description\">G\u00f6nnen Sie sich einen Vogelflug durch die enorme Vielfalt des guten Geschmacks und f\u00fchlen Sie sich an sieben Tagen in der Woche bei uns willkommen.<\/div><\/div><\/div><\/div>\t\t\t\t<\/div>\n\t\t\t\t\t\t\t<\/div>\n\t\t\t\t<\/div>\n\t\t\t\t\t\t\t\t<\/div>\n\t\t\t\t<\/div>\n\t\t\t\t<\/div>\n\t\t\t\t<\/div>\n\t\t\t\t<\/div>","protected":false},"excerpt":{"rendered":"<p>Voor alle vrije vogelsTrakteer jezelf op een vogelvlucht die je meevoert langs de enorme reikwijdte van goede smaak en voel je zeven dagen in de week welkom bij ons.<\/p>","protected":false},"author":1,"featured_media":0,"parent":0,"menu_order":0,"comment_status":"closed","ping_status":"closed","template":"","meta":{"_acf_changed":false,"footnotes":""},"class_list":["post-52","page","type-page","status-publish","hentry"],"acf":[],"_links":{"self":[{"href":"https:\/\/staging.devoliere.nl\/de\/wp-json\/wp\/v2\/pages\/52","targetHints":{"allow":["GET"]}}],"collection":[{"href":"https:\/\/staging.devoliere.nl\/de\/wp-json\/wp\/v2\/pages"}],"about":[{"href":"https:\/\/staging.devoliere.nl\/de\/wp-json\/wp\/v2\/types\/page"}],"author":[{"embeddable":true,"href":"https:\/\/staging.devoliere.nl\/de\/wp-json\/wp\/v2\/users\/1"}],"replies":[{"embeddable":true,"href":"https:\/\/staging.devoliere.nl\/de\/wp-json\/wp\/v2\/comments?post=52"}],"version-history":[{"count":4,"href":"https:\/\/staging.devoliere.nl\/de\/wp-json\/wp\/v2\/pages\/52\/revisions"}],"predecessor-version":[{"id":3871,"href":"https:\/\/staging.devoliere.nl\/de\/wp-json\/wp\/v2\/pages\/52\/revisions\/3871"}],"wp:attachment":[{"href":"https:\/\/staging.devoliere.nl\/de\/wp-json\/wp\/v2\/media?parent=52"}],"curies":[{"name":"wp","href":"https:\/\/api.w.org\/{rel}","templated":true}]}}